
				{"id":21,"date":"2020-03-22T18:50:55","date_gmt":"2020-03-22T17:50:55","guid":{"rendered":"http:\/\/verpeut.be\/?page_id=21"},"modified":"2020-03-23T21:28:29","modified_gmt":"2020-03-23T20:28:29","slug":"service-apres-vente","status":"publish","type":"page","link":"https:\/\/verpeut.be\/index.php\/service-apres-vente\/","title":{"rendered":"Service Apr\u00e8s-Vente"},"content":{"rendered":"\n<h3><em><br>Affaire s\u00e9rieuse, affaire de s\u00e9curit\u00e9, il est important de jamais n\u00e9gliger l&rsquo;entretien de son mat\u00e9riel.<br>Ma\u00eetrisant parfaitement son mat\u00e9riel, les Etablissement Verpeut vous propose une intervention professionnelle tant sur la r\u00e9paration que pour l&rsquo;entretien de votre mat\u00e9riel .<\/em><\/h3>\n\n\n\n<iframe loading=\"lazy\" src=\"https:\/\/www.facebook.com\/plugins\/video.php?href=https%3A%2F%2Fwww.facebook.com%2Fverpeutrobot%2Fvideos%2F383635222431272%2F&#038;show_text=0&#038;width=476\" width=\"476\" height=\"476\" style=\"border:none;overflow:hidden\" scrolling=\"no\" frameborder=\"0\" allowTransparency=\"true\" allowFullScreen=\"true\"><\/iframe>\n\n\n\n<ul class=\"is-layout-flex wp-block-gallery-1 wp-block-gallery columns-1 is-cropped\"><li class=\"blocks-gallery-item\"><figure><img decoding=\"async\" loading=\"lazy\" width=\"960\" height=\"720\" src=\"https:\/\/verpeut.be\/wp-content\/uploads\/2020\/03\/repa.jpg\" alt=\"\" data-id=\"113\" data-link=\"https:\/\/verpeut.be\/index.php\/service-apres-vente\/repa\/\" class=\"wp-image-113\" srcset=\"https:\/\/verpeut.be\/wp-content\/uploads\/2020\/03\/repa.jpg 960w, https:\/\/verpeut.be\/wp-content\/uploads\/2020\/03\/repa-300x225.jpg 300w, https:\/\/verpeut.be\/wp-content\/uploads\/2020\/03\/repa-768x576.jpg 768w\" sizes=\"(max-width: 960px) 100vw, 960px\" \/><\/figure><\/li><\/ul>\n","protected":false},"excerpt":{"rendered":"<p>Affaire s\u00e9rieuse, affaire de s\u00e9curit\u00e9, il est important de jamais n\u00e9gliger l&rsquo;entretien de son mat\u00e9riel.Ma\u00eetrisant parfaitement son mat\u00e9riel, les Etablissement Verpeut vous propose une intervention professionnelle tant sur la r\u00e9paration que pour l&rsquo;entretien de votre mat\u00e9riel .<\/p>\n","protected":false},"author":1,"featured_media":0,"parent":0,"menu_order":0,"comment_status":"closed","ping_status":"closed","template":"","meta":{"spay_email":""},"yoast_head":"<!-- This site is optimized with the Yoast SEO plugin v19.13 - https:\/\/yoast.com\/wordpress\/plugins\/seo\/ -->\n<title>Service Apr\u00e8s-Vente - Ets Verpeut - Pecq<\/title>\n<meta name=\"robots\" content=\"index, follow, max-snippet:-1, max-image-preview:large, max-video-preview:-1\" \/>\n<link rel=\"canonical\" href=\"https:\/\/verpeut.be\/index.php\/service-apres-vente\/\" \/>\n<meta property=\"og:locale\" content=\"fr_FR\" \/>\n<meta property=\"og:type\" content=\"article\" \/>\n<meta property=\"og:title\" content=\"Service Apr\u00e8s-Vente - Ets Verpeut - Pecq\" \/>\n<meta property=\"og:description\" content=\"Affaire s\u00e9rieuse, affaire de s\u00e9curit\u00e9, il est important de jamais n\u00e9gliger l&rsquo;entretien de son mat\u00e9riel.Ma\u00eetrisant parfaitement son mat\u00e9riel, les Etablissement Verpeut vous propose une intervention professionnelle tant sur la r\u00e9paration que pour l&rsquo;entretien de votre mat\u00e9riel .\" \/>\n<meta property=\"og:url\" content=\"https:\/\/verpeut.be\/index.php\/service-apres-vente\/\" \/>\n<meta property=\"og:site_name\" content=\"Ets Verpeut - Pecq\" \/>\n<meta property=\"article:publisher\" content=\"https:\/\/www.facebook.com\/verpeutrobot\" \/>\n<meta property=\"article:modified_time\" content=\"2020-03-23T20:28:29+00:00\" \/>\n<meta property=\"og:image\" content=\"http:\/\/verpeut.be\/wp-content\/uploads\/2020\/03\/repa.jpg\" \/>\n<meta name=\"twitter:card\" content=\"summary_large_image\" \/>\n<script type=\"application\/ld+json\" class=\"yoast-schema-graph\">{\"@context\":\"https:\/\/schema.org\",\"@graph\":[{\"@type\":\"WebPage\",\"@id\":\"https:\/\/verpeut.be\/index.php\/service-apres-vente\/\",\"url\":\"https:\/\/verpeut.be\/index.php\/service-apres-vente\/\",\"name\":\"Service Apr\u00e8s-Vente - Ets Verpeut - Pecq\",\"isPartOf\":{\"@id\":\"https:\/\/verpeut.be\/#website\"},\"datePublished\":\"2020-03-22T17:50:55+00:00\",\"dateModified\":\"2020-03-23T20:28:29+00:00\",\"breadcrumb\":{\"@id\":\"https:\/\/verpeut.be\/index.php\/service-apres-vente\/#breadcrumb\"},\"inLanguage\":\"fr-FR\",\"potentialAction\":[{\"@type\":\"ReadAction\",\"target\":[\"https:\/\/verpeut.be\/index.php\/service-apres-vente\/\"]}]},{\"@type\":\"BreadcrumbList\",\"@id\":\"https:\/\/verpeut.be\/index.php\/service-apres-vente\/#breadcrumb\",\"itemListElement\":[{\"@type\":\"ListItem\",\"position\":1,\"name\":\"Home\",\"item\":\"https:\/\/verpeut.be\/\"},{\"@type\":\"ListItem\",\"position\":2,\"name\":\"Service Apr\u00e8s-Vente\"}]},{\"@type\":\"WebSite\",\"@id\":\"https:\/\/verpeut.be\/#website\",\"url\":\"https:\/\/verpeut.be\/\",\"name\":\"verpeut.be\",\"description\":\"Tondeuse, mat\u00e9riels horticoles\",\"publisher\":{\"@id\":\"https:\/\/verpeut.be\/#organization\"},\"alternateName\":\"verpeut-ets.be\",\"potentialAction\":[{\"@type\":\"SearchAction\",\"target\":{\"@type\":\"EntryPoint\",\"urlTemplate\":\"https:\/\/verpeut.be\/?s={search_term_string}\"},\"query-input\":\"required name=search_term_string\"}],\"inLanguage\":\"fr-FR\"},{\"@type\":\"Organization\",\"@id\":\"https:\/\/verpeut.be\/#organization\",\"name\":\"Etablissements Verpeut - Pecq\",\"url\":\"https:\/\/verpeut.be\/\",\"logo\":{\"@type\":\"ImageObject\",\"inLanguage\":\"fr-FR\",\"@id\":\"https:\/\/verpeut.be\/#\/schema\/logo\/image\/\",\"url\":\"https:\/\/verpeut.be\/wp-content\/uploads\/2021\/03\/cropped-logo-Verpeut-3.png\",\"contentUrl\":\"https:\/\/verpeut.be\/wp-content\/uploads\/2021\/03\/cropped-logo-Verpeut-3.png\",\"width\":240,\"height\":98,\"caption\":\"Etablissements Verpeut - Pecq\"},\"image\":{\"@id\":\"https:\/\/verpeut.be\/#\/schema\/logo\/image\/\"},\"sameAs\":[\"https:\/\/www.facebook.com\/verpeutrobot\"]}]}<\/script>\n<!-- \/ Yoast SEO plugin. -->","yoast_head_json":{"title":"Service Apr\u00e8s-Vente - Ets Verpeut - Pecq","robots":{"index":"index","follow":"follow","max-snippet":"max-snippet:-1","max-image-preview":"max-image-preview:large","max-video-preview":"max-video-preview:-1"},"canonical":"https:\/\/verpeut.be\/index.php\/service-apres-vente\/","og_locale":"fr_FR","og_type":"article","og_title":"Service Apr\u00e8s-Vente - Ets Verpeut - Pecq","og_description":"Affaire s\u00e9rieuse, affaire de s\u00e9curit\u00e9, il est important de jamais n\u00e9gliger l&rsquo;entretien de son mat\u00e9riel.Ma\u00eetrisant parfaitement son mat\u00e9riel, les Etablissement Verpeut vous propose une intervention professionnelle tant sur la r\u00e9paration que pour l&rsquo;entretien de votre mat\u00e9riel .","og_url":"https:\/\/verpeut.be\/index.php\/service-apres-vente\/","og_site_name":"Ets Verpeut - Pecq","article_publisher":"https:\/\/www.facebook.com\/verpeutrobot","article_modified_time":"2020-03-23T20:28:29+00:00","og_image":[{"url":"http:\/\/verpeut.be\/wp-content\/uploads\/2020\/03\/repa.jpg"}],"twitter_card":"summary_large_image","schema":{"@context":"https:\/\/schema.org","@graph":[{"@type":"WebPage","@id":"https:\/\/verpeut.be\/index.php\/service-apres-vente\/","url":"https:\/\/verpeut.be\/index.php\/service-apres-vente\/","name":"Service Apr\u00e8s-Vente - Ets Verpeut - Pecq","isPartOf":{"@id":"https:\/\/verpeut.be\/#website"},"datePublished":"2020-03-22T17:50:55+00:00","dateModified":"2020-03-23T20:28:29+00:00","breadcrumb":{"@id":"https:\/\/verpeut.be\/index.php\/service-apres-vente\/#breadcrumb"},"inLanguage":"fr-FR","potentialAction":[{"@type":"ReadAction","target":["https:\/\/verpeut.be\/index.php\/service-apres-vente\/"]}]},{"@type":"BreadcrumbList","@id":"https:\/\/verpeut.be\/index.php\/service-apres-vente\/#breadcrumb","itemListElement":[{"@type":"ListItem","position":1,"name":"Home","item":"https:\/\/verpeut.be\/"},{"@type":"ListItem","position":2,"name":"Service Apr\u00e8s-Vente"}]},{"@type":"WebSite","@id":"https:\/\/verpeut.be\/#website","url":"https:\/\/verpeut.be\/","name":"verpeut.be","description":"Tondeuse, mat\u00e9riels horticoles","publisher":{"@id":"https:\/\/verpeut.be\/#organization"},"alternateName":"verpeut-ets.be","potentialAction":[{"@type":"SearchAction","target":{"@type":"EntryPoint","urlTemplate":"https:\/\/verpeut.be\/?s={search_term_string}"},"query-input":"required name=search_term_string"}],"inLanguage":"fr-FR"},{"@type":"Organization","@id":"https:\/\/verpeut.be\/#organization","name":"Etablissements Verpeut - Pecq","url":"https:\/\/verpeut.be\/","logo":{"@type":"ImageObject","inLanguage":"fr-FR","@id":"https:\/\/verpeut.be\/#\/schema\/logo\/image\/","url":"https:\/\/verpeut.be\/wp-content\/uploads\/2021\/03\/cropped-logo-Verpeut-3.png","contentUrl":"https:\/\/verpeut.be\/wp-content\/uploads\/2021\/03\/cropped-logo-Verpeut-3.png","width":240,"height":98,"caption":"Etablissements Verpeut - Pecq"},"image":{"@id":"https:\/\/verpeut.be\/#\/schema\/logo\/image\/"},"sameAs":["https:\/\/www.facebook.com\/verpeutrobot"]}]}},"_links":{"self":[{"href":"https:\/\/verpeut.be\/index.php\/wp-json\/wp\/v2\/pages\/21"}],"collection":[{"href":"https:\/\/verpeut.be\/index.php\/wp-json\/wp\/v2\/pages"}],"about":[{"href":"https:\/\/verpeut.be\/index.php\/wp-json\/wp\/v2\/types\/page"}],"author":[{"embeddable":true,"href":"https:\/\/verpeut.be\/index.php\/wp-json\/wp\/v2\/users\/1"}],"replies":[{"embeddable":true,"href":"https:\/\/verpeut.be\/index.php\/wp-json\/wp\/v2\/comments?post=21"}],"version-history":[{"count":3,"href":"https:\/\/verpeut.be\/index.php\/wp-json\/wp\/v2\/pages\/21\/revisions"}],"predecessor-version":[{"id":114,"href":"https:\/\/verpeut.be\/index.php\/wp-json\/wp\/v2\/pages\/21\/revisions\/114"}],"wp:attachment":[{"href":"https:\/\/verpeut.be\/index.php\/wp-json\/wp\/v2\/media?parent=21"}],"curies":[{"name":"wp","href":"https:\/\/api.w.org\/{rel}","templated":true}]}}